{"id":62,"date":"2024-01-24T06:40:39","date_gmt":"2024-01-24T06:40:39","guid":{"rendered":"https:\/\/mmsepat.fi\/?page_id=62"},"modified":"2025-11-15T11:28:51","modified_gmt":"2025-11-15T11:28:51","slug":"etusivu","status":"publish","type":"page","link":"https:\/\/mmsepat.fi\/","title":{"rendered":"M&#038;M Sep\u00e4t"},"content":{"rendered":"<p>[et_pb_section fb_built=&#8221;1&#8243; fullwidth=&#8221;on&#8221; _builder_version=&#8221;4.23.4&#8243; _module_preset=&#8221;default&#8221; global_colors_info=&#8221;{}&#8221;][et_pb_fullwidth_image src=&#8221;https:\/\/mmsepat.fi\/wp-content\/uploads\/2024\/01\/MM_Banner.png&#8221; title_text=&#8221;M&#038;M Sep\u00e4t Oy_Banner&#8221; _builder_version=&#8221;4.23.4&#8243; _module_preset=&#8221;default&#8221; global_colors_info=&#8221;{}&#8221;][\/et_pb_fullwidth_image][\/et_pb_section][et_pb_section fb_built=&#8221;1&#8243; admin_label=&#8221;Header&#8221; _builder_version=&#8221;4.19.2&#8243; _module_preset=&#8221;default&#8221; background_color=&#8221;#000000&#8243; custom_margin=&#8221;||36px|||&#8221; custom_padding=&#8221;0px||0px||true|false&#8221; collapsed=&#8221;on&#8221; global_colors_info=&#8221;{}&#8221;][et_pb_row column_structure=&#8221;2_3,1_3&#8243; make_equal=&#8221;on&#8221; _builder_version=&#8221;4.24.0&#8243; _module_preset=&#8221;default&#8221; max_width=&#8221;none&#8221; module_alignment=&#8221;right&#8221; custom_margin=&#8221;|auto|15px|auto||&#8221; custom_padding=&#8221;0px||0px||true|false&#8221; module_alignment_tablet=&#8221;center&#8221; module_alignment_phone=&#8221;center&#8221; module_alignment_last_edited=&#8221;on|phone&#8221; global_colors_info=&#8221;{}&#8221;][et_pb_column type=&#8221;2_3&#8243; _builder_version=&#8221;4.19.0&#8243; _module_preset=&#8221;default&#8221; custom_padding=&#8221;8%||||false|false&#8221; global_colors_info=&#8221;{}&#8221;][et_pb_text _builder_version=&#8221;4.24.0&#8243; _module_preset=&#8221;afb06901-b8df-4946-afd2-0617cae2299c&#8221; header_font=&#8221;Michroma|||on|||||&#8221; header_text_color=&#8221;#E02B20&#8243; header_font_size=&#8221;5.2vw&#8221; z_index=&#8221;1&#8243; text_orientation=&#8221;center&#8221; max_width=&#8221;890px&#8221; module_alignment=&#8221;center&#8221; custom_margin=&#8221;||5%||false|false&#8221; header_font_size_tablet=&#8221;5.2vw&#8221; header_font_size_phone=&#8221;5.2vw&#8221; header_font_size_last_edited=&#8221;off|desktop&#8221; text_orientation_tablet=&#8221;left&#8221; text_orientation_phone=&#8221;left&#8221; text_orientation_last_edited=&#8221;on|tablet&#8221; locked=&#8221;off&#8221; global_colors_info=&#8221;{}&#8221;]<\/p>\n<h1>M&amp;M Sep\u00e4t<\/h1>\n<p>[\/et_pb_text][et_pb_text _builder_version=&#8221;4.24.0&#8243; text_font=&#8221;||||||||&#8221; header_font=&#8221;||||||||&#8221; header_text_color=&#8221;#E02B20&#8243; header_3_font=&#8221;Ubuntu|||on|||||&#8221; header_3_text_color=&#8221;#E02B20&#8243; header_3_font_size=&#8221;16px&#8221; header_3_line_height=&#8221;1.8em&#8221; global_colors_info=&#8221;{}&#8221;]<\/p>\n<h3>Ja homma hoituu<\/h3>\n<p>[\/et_pb_text][et_pb_text _builder_version=&#8221;4.24.0&#8243; text_font=&#8221;||||||||&#8221; text_text_color=&#8221;#FFFFFF&#8221; text_line_height=&#8221;1.8em&#8221; global_colors_info=&#8221;{}&#8221;]<\/p>\n<p>Olemme monipuolinen ja luotettava moniala yritys (mm.LVI-tekniikka, metalli-, rakennus ja lukitusalan), joka palvelee asiakkaitaan ymp\u00e4ri Suomea. Tarjoamme laadukkaita ja kustannustehokkaita ratkaisuja niin uudis- kuin saneerauskohteisiin, sek\u00e4 yksityisille ett\u00e4 julkisille tilaajille.<\/p>\n<p>[\/et_pb_text][et_pb_toggle title=&#8221;Lue lis\u00e4\u00e4&#8221; open_toggle_text_color=&#8221;#FFFFFF&#8221; open_toggle_background_color=&#8221;#000000&#8243; closed_toggle_text_color=&#8221;#E02B20&#8243; closed_toggle_background_color=&#8221;#000000&#8243; icon_color=&#8221;#E02B20&#8243; open_icon_color=&#8221;#E02B20&#8243; _builder_version=&#8221;4.24.0&#8243; title_text_color=&#8221;#E02B20&#8243; title_font=&#8221;Ubuntu||||||||&#8221; title_line_height=&#8221;1.6em&#8221; body_font=&#8221;||||||||&#8221; body_text_color=&#8221;#FFFFFF&#8221; body_line_height=&#8221;1.9em&#8221; background_color=&#8221;#000000&#8243; custom_margin=&#8221;|-30px|0px|-30px||true&#8221; custom_padding=&#8221;|||||false&#8221; border_width_all=&#8221;0px&#8221; border_color_all=&#8221;rgba(0,0,0,0.1)&#8221; border_width_bottom=&#8221;1px&#8221; locked=&#8221;off&#8221; global_colors_info=&#8221;{}&#8221;]<\/p>\n<p>Olemme erikoistuneet LVI-j\u00e4rjestelmien asennukseen, huoltoon ja korjaukseen, sek\u00e4 metallirakenteiden valmistukseen, ty\u00f6st\u00e4miseen ja asentamiseen. Meill\u00e4 on pitk\u00e4 kokemus ja vahva osaaminen alalta, sek\u00e4 k\u00e4yt\u00f6ss\u00e4mme nykyaikaiset ty\u00f6v\u00e4lineet ja menetelm\u00e4t. Noudatamme kaikissa t\u00f6iss\u00e4mme alan standardeja ja m\u00e4\u00e4r\u00e4yksi\u00e4, sek\u00e4 huomioimme ymp\u00e4rist\u00f6n ja energiatehokkuuden.<\/p>\n<p>Asiakastyytyv\u00e4isyys on meille t\u00e4rke\u00e4\u00e4, ja pyrimme aina ylitt\u00e4m\u00e4\u00e4n asiakkaidemme odotukset. Teemme tiivist\u00e4 yhteisty\u00f6t\u00e4 asiakkaidemme kanssa, ja r\u00e4\u00e4t\u00e4l\u00f6imme palvelumme heid\u00e4n tarpeidensa ja toiveidensa mukaan. Olemme joustavia, nopeita ja ammattitaitoisia, ja pid\u00e4mme kiinni sovituista aikatauluista ja budjeteista.<\/p>\n<p>Ota yhteytt\u00e4 meihin, kun tarvitset LVI-tekniikka, metalli-, rakennus- tai lukitusalan palveluita. Kerromme mielell\u00e4mme lis\u00e4\u00e4 osaamisestamme ja referensseist\u00e4mme. M&amp;M Sep\u00e4t on oikea valinta, kun haluat laadukasta ja luotettavaa ty\u00f6t\u00e4!<\/p>\n<p>[\/et_pb_toggle][\/et_pb_column][et_pb_column type=&#8221;1_3&#8243; _builder_version=&#8221;4.24.0&#8243; _module_preset=&#8221;default&#8221; background_color=&#8221;rgba(224,47,38,0.88)&#8221; custom_padding=&#8221;10%|50px|60px|50px|false|true&#8221; custom_padding_tablet=&#8221;30px|30px|30px|30px|true|true&#8221; custom_padding_phone=&#8221;20px|20px|20px|20px|true|true&#8221; custom_padding_last_edited=&#8221;on|tablet&#8221; animation_style=&#8221;fold&#8221; global_colors_info=&#8221;{}&#8221;][et_pb_text _builder_version=&#8221;4.24.0&#8243; _module_preset=&#8221;74c6a44b-89c0-4c1b-9b1c-b90a1d51e100&#8243; header_3_font_size=&#8221;1.8vw&#8221; custom_margin=&#8221;||10px||false|false&#8221; global_colors_info=&#8221;{}&#8221;]<\/p>\n<h3>S\u00e4hk\u00f6posti<\/h3>\n<p>[\/et_pb_text][et_pb_text _builder_version=&#8221;4.24.0&#8243; _module_preset=&#8221;9779da53-ba2f-4660-80c8-cf6b125a42f8&#8243; text_font_size=&#8221;20px&#8221; link_text_color=&#8221;#000000&#8243; header_text_color=&#8221;#FFFFFF&#8221; custom_margin=&#8221;||30px||false|false&#8221; locked=&#8221;off&#8221; global_colors_info=&#8221;{}&#8221;]<\/p>\n<p><a href=\"mailto:info@mmsepat.fi\">info(at)mmsepat.fi<\/a><\/p>\n<p>[\/et_pb_text][et_pb_text _builder_version=&#8221;4.24.0&#8243; _module_preset=&#8221;74c6a44b-89c0-4c1b-9b1c-b90a1d51e100&#8243; text_text_color=&#8221;#000000&#8243; header_text_color=&#8221;#FFFFFF&#8221; header_3_font_size=&#8221;1.8vw&#8221; custom_margin=&#8221;||10px||false|false&#8221; global_colors_info=&#8221;{}&#8221;]<\/p>\n<h3>Osoite<\/h3>\n<p>[\/et_pb_text][et_pb_text _builder_version=&#8221;4.23.4&#8243; _module_preset=&#8221;9779da53-ba2f-4660-80c8-cf6b125a42f8&#8243; text_text_color=&#8221;#000000&#8243; text_font_size=&#8221;20px&#8221; global_colors_info=&#8221;{}&#8221;]<\/p>\n<p>Pirnankatu 4, 78200 Varkaus (Varkauden Lukkohuolto)<\/p>\n<p>[\/et_pb_text][et_pb_button button_url=&#8221;mailto:info@mmsepat.fi&#8221; button_text=&#8221;Ota yhteytt\u00e4&#8221; _builder_version=&#8221;4.23.4&#8243; _module_preset=&#8221;5f89d8a9-f2ad-4345-908b-ac65fb26ae37&#8243; locked=&#8221;off&#8221; global_colors_info=&#8221;{}&#8221;][\/et_pb_button][\/et_pb_column][\/et_pb_row][\/et_pb_section][et_pb_section fb_built=&#8221;1&#8243; admin_label=&#8221;Services&#8221; _builder_version=&#8221;4.19.2&#8243; _module_preset=&#8221;default&#8221; background_color=&#8221;#171717&#8243; custom_margin=&#8221;-81px|||||&#8221; collapsed=&#8221;on&#8221; global_colors_info=&#8221;{}&#8221;][et_pb_row column_structure=&#8221;1_3,1_3,1_3&#8243; custom_padding_last_edited=&#8221;on|tablet&#8221; _builder_version=&#8221;4.19.0&#8243; _module_preset=&#8221;default&#8221; custom_padding_tablet=&#8221;||0px||false|false&#8221; custom_padding_phone=&#8221;||0px||false|false&#8221; global_colors_info=&#8221;{}&#8221;][et_pb_column type=&#8221;1_3&#8243; _builder_version=&#8221;4.19.0&#8243; _module_preset=&#8221;default&#8221; global_colors_info=&#8221;{}&#8221;][et_pb_blurb title=&#8221;Metallity\u00f6t&#8221; image=&#8221;https:\/\/mmsepat.fi\/wp-content\/uploads\/2024\/01\/MM-Sepat-metallityot.png&#8221; _builder_version=&#8221;4.24.0&#8243; _module_preset=&#8221;b4d1f6a0-a2b5-4ffd-80aa-c88e39245c49&#8243; custom_padding=&#8221;||0px|||&#8221; locked=&#8221;off&#8221; global_colors_info=&#8221;{%22gcid-9d8d6552-a4b0-4171-847a-f5c0d7177503%22:%91%22body_text_color%22%93}&#8221;]<\/p>\n<p>Sahauspalvelut<\/p>\n<p>Ter\u00e4srakenteiden valmistus, pintak\u00e4sittely ja asennus<\/p>\n<p>Putkistot<\/p>\n<p><em>\u00a0Kirkkaat<\/em><\/p>\n<p><em>\u00a0Mustat<\/em><\/p>\n<p>Seisokkity\u00f6t<\/p>\n<p>TIG-hitsaus<\/p>\n<p>[\/et_pb_blurb][\/et_pb_column][et_pb_column type=&#8221;1_3&#8243; _builder_version=&#8221;4.19.0&#8243; _module_preset=&#8221;default&#8221; global_colors_info=&#8221;{}&#8221;][et_pb_blurb title=&#8221;Hallit&#8221; image=&#8221;https:\/\/mmsepat.fi\/wp-content\/uploads\/2024\/01\/MM-Sepat-hallit.png&#8221; _builder_version=&#8221;4.23.4&#8243; _module_preset=&#8221;b4d1f6a0-a2b5-4ffd-80aa-c88e39245c49&#8243; custom_padding=&#8221;||0px|||&#8221; locked=&#8221;off&#8221; global_colors_info=&#8221;{%22gcid-9d8d6552-a4b0-4171-847a-f5c0d7177503%22:%91%22body_text_color%22%93}&#8221;]<\/p>\n<p>Meilt\u00e4 onnistuu hallien rakennukset perustusten valamisesta aina lattialistojen asennukseen.<\/p>\n<p>[\/et_pb_blurb][\/et_pb_column][et_pb_column type=&#8221;1_3&#8243; _builder_version=&#8221;4.19.0&#8243; _module_preset=&#8221;default&#8221; global_colors_info=&#8221;{}&#8221;][et_pb_blurb title=&#8221;Uudisrakennus&#8221; image=&#8221;https:\/\/mmsepat.fi\/wp-content\/uploads\/2024\/01\/MM-Sepat-rakennus.png&#8221; _builder_version=&#8221;4.23.4&#8243; _module_preset=&#8221;b4d1f6a0-a2b5-4ffd-80aa-c88e39245c49&#8243; locked=&#8221;off&#8221; global_colors_info=&#8221;{%22gcid-9d8d6552-a4b0-4171-847a-f5c0d7177503%22:%91%22body_text_color%22%93}&#8221;]<\/p>\n<p><span>M&amp;M Sep\u00e4t toteuttaa asiakkailleen uusia rakennuksia, kuten omakotitaloja, saunoja, halleja, toimitiloja sek\u00e4 muita rakennuksia. M&amp;M Seppien uudisrakentamispalvelu sis\u00e4lt\u00e4\u00e4 l\u00e4hes kaikki rakentamisen vaiheet, kuten rakennusmateriaalien hankinnan, ty\u00f6maan valvonnan, rakennusty\u00f6t, LVI-ty\u00f6t, metallity\u00f6t, viimeistelyty\u00f6t ja loppusiivouksen.<\/span><\/p>\n<p>[\/et_pb_blurb][\/et_pb_column][\/et_pb_row][et_pb_row column_structure=&#8221;1_3,1_3,1_3&#8243; _builder_version=&#8221;4.19.0&#8243; _module_preset=&#8221;default&#8221; global_colors_info=&#8221;{}&#8221;][et_pb_column type=&#8221;1_3&#8243; _builder_version=&#8221;4.19.0&#8243; _module_preset=&#8221;default&#8221; global_colors_info=&#8221;{}&#8221;][et_pb_blurb title=&#8221;LVI palvelut&#8221; image=&#8221;https:\/\/mmsepat.fi\/wp-content\/uploads\/2024\/01\/MM-Sepat-lvi.png&#8221; _builder_version=&#8221;4.23.4&#8243; _module_preset=&#8221;b4d1f6a0-a2b5-4ffd-80aa-c88e39245c49&#8243; locked=&#8221;off&#8221; global_colors_info=&#8221;{%22gcid-9d8d6552-a4b0-4171-847a-f5c0d7177503%22:%91%22body_text_color%22%93}&#8221;]<\/p>\n<p>Putken avaus<\/p>\n<p>Viem\u00e4ri- ja vesijohtoverkoston asennus<\/p>\n<p>Ilmastoinnin asennus<\/p>\n<p>Ilmanvaihto<\/p>\n<p>L\u00e4mmitysj\u00e4rjestelmien p\u00e4ivitykset, huuhtelut ja muokkaus<\/p>\n<p>[\/et_pb_blurb][\/et_pb_column][et_pb_column type=&#8221;1_3&#8243; _builder_version=&#8221;4.19.0&#8243; _module_preset=&#8221;default&#8221; global_colors_info=&#8221;{}&#8221;][et_pb_blurb title=&#8221;Remontointi &#038; maalaus&#8221; image=&#8221;https:\/\/mmsepat.fi\/wp-content\/uploads\/2024\/01\/MM-Sepat-remontointi.png&#8221; _builder_version=&#8221;4.23.4&#8243; _module_preset=&#8221;b4d1f6a0-a2b5-4ffd-80aa-c88e39245c49&#8243; locked=&#8221;off&#8221; global_colors_info=&#8221;{%22gcid-9d8d6552-a4b0-4171-847a-f5c0d7177503%22:%91%22body_text_color%22%93}&#8221;]<\/p>\n<p><span>Remontointipalvelu kattaa kaikenlaiset sis\u00e4- ja ulkoremontit, kuten kylpyhuone-, keitti\u00f6-, sauna-, olohuone-, makuuhuone-, terassi- ja julkisivuremontit.<\/span><\/p>\n<p><span> Maalauspalvelu sis\u00e4lt\u00e4\u00e4 sis\u00e4- ja ulkoseinien, kattojen, ovien, ikkunoiden, lattioiden ja metallirakenteiden maalauksen ja tapetoinnin.<\/span><\/p>\n<p>[\/et_pb_blurb][\/et_pb_column][et_pb_column type=&#8221;1_3&#8243; _builder_version=&#8221;4.19.0&#8243; _module_preset=&#8221;default&#8221; global_colors_info=&#8221;{}&#8221;][et_pb_blurb title=&#8221;Varkauden Lukkohuolto&#8221; image=&#8221;https:\/\/mmsepat.fi\/wp-content\/uploads\/2024\/01\/MM-Sepat-lukkohuolto.png&#8221; _builder_version=&#8221;4.23.4&#8243; _module_preset=&#8221;b4d1f6a0-a2b5-4ffd-80aa-c88e39245c49&#8243; locked=&#8221;off&#8221; global_colors_info=&#8221;{%22gcid-9d8d6552-a4b0-4171-847a-f5c0d7177503%22:%91%22body_text_color%22%93}&#8221;]<\/p>\n<p>Palveleva lukkoliike Varkauden Forumissa, jo vuodesta 1971.<\/p>\n<p><a href=\"https:\/\/www.abloy.com\/global\/fi\/asumisen-ratkaisut?gad_source=1&amp;gclid=Cj0KCQiAn-2tBhDVARIsAGmStVm9qMhhJWykza4knZiGdveNbBNdQrBybAP1eRbXw9gFrtunpq7uLEQaAsglEALw_wcB\">Abloy\u00ae<\/a> mekaaniset lukitustuotteet sek\u00e4 monet muut.<\/p>\n<p>Avainpesien sarjoitukset<\/p>\n<p>Valmistamme odotellessa perinteisi\u00e4 kotiavaimia (my\u00f6s maalattuja ART-aihioita), metallip\u00e4isi\u00e4 ura-avaimia sek\u00e4 mustap\u00e4isi\u00e4 Edge-avaimia, autonavaimia mallin mukaan tai numerolla, my\u00f6s k\u00e4ynnistyksenestoavaimia<\/p>\n<p>Kilpikaiverrustuotteet<\/p>\n<p>Asennukset<\/p>\n<p>[\/et_pb_blurb][\/et_pb_column][\/et_pb_row][et_pb_row column_structure=&#8221;1_3,2_3&#8243; _builder_version=&#8221;4.24.2&#8243; _module_preset=&#8221;default&#8221; global_colors_info=&#8221;{}&#8221;][et_pb_column type=&#8221;1_3&#8243; _builder_version=&#8221;4.24.2&#8243; _module_preset=&#8221;default&#8221; global_colors_info=&#8221;{}&#8221;][et_pb_image src=&#8221;https:\/\/mmsepat.fi\/wp-content\/uploads\/2024\/03\/edutec-logo.png&#8221; title_text=&#8221;edutec-logo&#8221; _builder_version=&#8221;4.24.2&#8243; _module_preset=&#8221;default&#8221; global_colors_info=&#8221;{}&#8221;][\/et_pb_image][\/et_pb_column][et_pb_column type=&#8221;2_3&#8243; _builder_version=&#8221;4.24.2&#8243; _module_preset=&#8221;default&#8221; global_colors_info=&#8221;{}&#8221;][et_pb_text _builder_version=&#8221;4.24.2&#8243; _module_preset=&#8221;default&#8221; text_text_color=&#8221;#FFFFFF&#8221; header_4_font=&#8221;Michroma||||||||&#8221; header_4_text_color=&#8221;#ffffff&#8221; global_colors_info=&#8221;{}&#8221;]<\/p>\n<h4>Asiakastarina<\/h4>\n<p>M&amp;M Sep\u00e4t ovat asiakaspalvelu henkisi\u00e4, reippaasti toimeen tarttuvia. Suunnittelmat pitiv\u00e4t aikataulullisesti sek\u00e4 hinta\/laatu suhde on kunnossa. Asiakkaan tarpeet kuunnellaan ja niihin reagoidaan.<\/p>\n<p>He suunnittelivat rakennusprojektin, pystyttiv\u00e4t sein\u00e4t, rakensivat savukaasu sek\u00e4 paineilmalinjat. M&amp;M Sep\u00e4t varustelivat ja viimeisteliv\u00e4t hitsaamon ja koneistamon.<\/p>\n<p>M&amp;M Seppien kanssa ty\u00f6skentely oli helppoa. Hommat hoituivat sovitusti sek\u00e4 aikataulu ja kustannukset pysyiv\u00e4t alkuper\u00e4isess\u00e4 suunnitelmassa.<\/p>\n<p>Lopputulosta voin suositella kaikille. Tervetuloa Valimokadulle toteamaan ty\u00f6n laatu!<\/p>\n<p>&nbsp;<\/p>\n<p>Harri Kilpel\u00e4inen, toimitusjohtaja, EduTec Oy<\/p>\n<p>&nbsp;<\/p>\n<p>[\/et_pb_text][\/et_pb_column][\/et_pb_row][\/et_pb_section][et_pb_section fb_built=&#8221;1&#8243; admin_label=&#8221;Footer&#8221; _builder_version=&#8221;4.19.2&#8243; _module_preset=&#8221;default&#8221; background_color=&#8221;#1F1F1F&#8221; saved_tabs=&#8221;all&#8221; collapsed=&#8221;on&#8221; global_colors_info=&#8221;{%22gcid-b2777ccc-45bf-4762-b379-294426a7f0ff%22:%91%22background_color%22%93}&#8221;][et_pb_row column_structure=&#8221;3_4,1_4&#8243; use_custom_gutter=&#8221;on&#8221; gutter_width=&#8221;1&#8243; make_equal=&#8221;on&#8221; _builder_version=&#8221;4.19.0&#8243; _module_preset=&#8221;default&#8221; custom_padding=&#8221;0px||0px||true|false&#8221; border_width_all=&#8221;1px&#8221; border_color_all=&#8221;#3E3E3E&#8221; global_colors_info=&#8221;{}&#8221;][et_pb_column type=&#8221;3_4&#8243; _builder_version=&#8221;4.19.0&#8243; _module_preset=&#8221;default&#8221; custom_padding=&#8221;40px|40px|40px|40px|true|true&#8221; custom_padding_tablet=&#8221;30px|30px|30px|30px|true|true&#8221; custom_padding_phone=&#8221;20px|20px|20px|20px|true|true&#8221; custom_padding_last_edited=&#8221;on|tablet&#8221; border_color_all=&#8221;#3E3E3E&#8221; border_width_right=&#8221;1px&#8221; border_width_right_tablet=&#8221;0px&#8221; border_width_right_phone=&#8221;&#8221; border_width_right_last_edited=&#8221;on|tablet&#8221; global_colors_info=&#8221;{}&#8221;][et_pb_text _builder_version=&#8221;4.19.1&#8243; _module_preset=&#8221;50976346-0fe1-4d93-873f-c4f36c1bdbf2&#8243; custom_margin=&#8221;||30px||false|false&#8221; global_colors_info=&#8221;{}&#8221;]<\/p>\n<h2>Ota yhteytt\u00e4<\/h2>\n<p>[\/et_pb_text][et_pb_contact_form email=&#8221;info@mmsepat.fi&#8221; success_message=&#8221;Viesti l\u00e4hetetty&#8221; _builder_version=&#8221;4.24.0&#8243; _module_preset=&#8221;fda4ae8e-40d4-4199-b1ce-af77aa5877fc&#8221; button_bg_color=&#8221;#E02B20&#8243; locked=&#8221;off&#8221; global_colors_info=&#8221;{%22gcid-9d8d6552-a4b0-4171-847a-f5c0d7177503%22:%91%22form_field_text_color%22,%22form_field_text_color%22%93}&#8221;][et_pb_contact_field field_id=&#8221;Name&#8221; field_title=&#8221;Nimi&#8221; fullwidth_field=&#8221;on&#8221; _builder_version=&#8221;4.23.1&#8243; _module_preset=&#8221;default&#8221; global_colors_info=&#8221;{}&#8221; button_text_size__hover_enabled=&#8221;off&#8221; button_one_text_size__hover_enabled=&#8221;off&#8221; button_two_text_size__hover_enabled=&#8221;off&#8221; button_text_color__hover_enabled=&#8221;off&#8221; button_one_text_color__hover_enabled=&#8221;off&#8221; button_two_text_color__hover_enabled=&#8221;off&#8221; button_border_width__hover_enabled=&#8221;off&#8221; button_one_border_width__hover_enabled=&#8221;off&#8221; button_two_border_width__hover_enabled=&#8221;off&#8221; button_border_color__hover_enabled=&#8221;off&#8221; button_one_border_color__hover_enabled=&#8221;off&#8221; button_two_border_color__hover_enabled=&#8221;off&#8221; button_border_radius__hover_enabled=&#8221;off&#8221; button_one_border_radius__hover_enabled=&#8221;off&#8221; button_two_border_radius__hover_enabled=&#8221;off&#8221; button_letter_spacing__hover_enabled=&#8221;off&#8221; button_one_letter_spacing__hover_enabled=&#8221;off&#8221; button_two_letter_spacing__hover_enabled=&#8221;off&#8221; button_bg_color__hover_enabled=&#8221;off&#8221; button_one_bg_color__hover_enabled=&#8221;off&#8221; button_two_bg_color__hover_enabled=&#8221;off&#8221;][\/et_pb_contact_field][et_pb_contact_field field_id=&#8221;Puhelin&#8221; field_title=&#8221;Puhelin&#8221; field_type=&#8221;email&#8221; fullwidth_field=&#8221;on&#8221; _builder_version=&#8221;4.23.1&#8243; _module_preset=&#8221;default&#8221; global_colors_info=&#8221;{}&#8221; button_text_size__hover_enabled=&#8221;off&#8221; button_one_text_size__hover_enabled=&#8221;off&#8221; button_two_text_size__hover_enabled=&#8221;off&#8221; button_text_color__hover_enabled=&#8221;off&#8221; button_one_text_color__hover_enabled=&#8221;off&#8221; button_two_text_color__hover_enabled=&#8221;off&#8221; button_border_width__hover_enabled=&#8221;off&#8221; button_one_border_width__hover_enabled=&#8221;off&#8221; button_two_border_width__hover_enabled=&#8221;off&#8221; button_border_color__hover_enabled=&#8221;off&#8221; button_one_border_color__hover_enabled=&#8221;off&#8221; button_two_border_color__hover_enabled=&#8221;off&#8221; button_border_radius__hover_enabled=&#8221;off&#8221; button_one_border_radius__hover_enabled=&#8221;off&#8221; button_two_border_radius__hover_enabled=&#8221;off&#8221; button_letter_spacing__hover_enabled=&#8221;off&#8221; button_one_letter_spacing__hover_enabled=&#8221;off&#8221; button_two_letter_spacing__hover_enabled=&#8221;off&#8221; button_bg_color__hover_enabled=&#8221;off&#8221; button_one_bg_color__hover_enabled=&#8221;off&#8221; button_two_bg_color__hover_enabled=&#8221;off&#8221;][\/et_pb_contact_field][et_pb_contact_field field_id=&#8221;Email&#8221; field_title=&#8221;S\u00e4hk\u00f6posti&#8221; field_type=&#8221;email&#8221; fullwidth_field=&#8221;on&#8221; _builder_version=&#8221;4.23.1&#8243; _module_preset=&#8221;default&#8221; global_colors_info=&#8221;{}&#8221; button_text_size__hover_enabled=&#8221;off&#8221; button_one_text_size__hover_enabled=&#8221;off&#8221; button_two_text_size__hover_enabled=&#8221;off&#8221; button_text_color__hover_enabled=&#8221;off&#8221; button_one_text_color__hover_enabled=&#8221;off&#8221; button_two_text_color__hover_enabled=&#8221;off&#8221; button_border_width__hover_enabled=&#8221;off&#8221; button_one_border_width__hover_enabled=&#8221;off&#8221; button_two_border_width__hover_enabled=&#8221;off&#8221; button_border_color__hover_enabled=&#8221;off&#8221; button_one_border_color__hover_enabled=&#8221;off&#8221; button_two_border_color__hover_enabled=&#8221;off&#8221; button_border_radius__hover_enabled=&#8221;off&#8221; button_one_border_radius__hover_enabled=&#8221;off&#8221; button_two_border_radius__hover_enabled=&#8221;off&#8221; button_letter_spacing__hover_enabled=&#8221;off&#8221; button_one_letter_spacing__hover_enabled=&#8221;off&#8221; button_two_letter_spacing__hover_enabled=&#8221;off&#8221; button_bg_color__hover_enabled=&#8221;off&#8221; button_one_bg_color__hover_enabled=&#8221;off&#8221; button_two_bg_color__hover_enabled=&#8221;off&#8221;][\/et_pb_contact_field][et_pb_contact_field field_id=&#8221;Message&#8221; field_title=&#8221;Viesti&#8221; field_type=&#8221;text&#8221; fullwidth_field=&#8221;on&#8221; _builder_version=&#8221;4.23.1&#8243; _module_preset=&#8221;default&#8221; global_colors_info=&#8221;{}&#8221; button_text_size__hover_enabled=&#8221;off&#8221; button_one_text_size__hover_enabled=&#8221;off&#8221; button_two_text_size__hover_enabled=&#8221;off&#8221; button_text_color__hover_enabled=&#8221;off&#8221; button_one_text_color__hover_enabled=&#8221;off&#8221; button_two_text_color__hover_enabled=&#8221;off&#8221; button_border_width__hover_enabled=&#8221;off&#8221; button_one_border_width__hover_enabled=&#8221;off&#8221; button_two_border_width__hover_enabled=&#8221;off&#8221; button_border_color__hover_enabled=&#8221;off&#8221; button_one_border_color__hover_enabled=&#8221;off&#8221; button_two_border_color__hover_enabled=&#8221;off&#8221; button_border_radius__hover_enabled=&#8221;off&#8221; button_one_border_radius__hover_enabled=&#8221;off&#8221; button_two_border_radius__hover_enabled=&#8221;off&#8221; button_letter_spacing__hover_enabled=&#8221;off&#8221; button_one_letter_spacing__hover_enabled=&#8221;off&#8221; button_two_letter_spacing__hover_enabled=&#8221;off&#8221; button_bg_color__hover_enabled=&#8221;off&#8221; button_one_bg_color__hover_enabled=&#8221;off&#8221; button_two_bg_color__hover_enabled=&#8221;off&#8221;][\/et_pb_contact_field][\/et_pb_contact_form][\/et_pb_column][et_pb_column type=&#8221;1_4&#8243; _builder_version=&#8221;4.19.0&#8243; _module_preset=&#8221;default&#8221; custom_padding=&#8221;40px|20px|40px|20px|true|true&#8221; custom_padding_tablet=&#8221;30px|30px|30px|30px|true|true&#8221; custom_padding_phone=&#8221;20px|20px|20px|20px|true|true&#8221; custom_padding_last_edited=&#8221;on|tablet&#8221; border_color_all=&#8221;#3E3E3E&#8221; border_width_right=&#8221;1px&#8221; border_width_right_tablet=&#8221;0px&#8221; border_width_right_phone=&#8221;&#8221; border_width_right_last_edited=&#8221;on|tablet&#8221; global_colors_info=&#8221;{}&#8221;][et_pb_text _builder_version=&#8221;4.23.1&#8243; _module_preset=&#8221;61b8851d-4ec3-410b-915d-531d01494ea3&#8243; global_colors_info=&#8221;{}&#8221;]<\/p>\n<h6>Osoite<\/h6>\n<p>[\/et_pb_text][et_pb_text _builder_version=&#8221;4.23.1&#8243; _module_preset=&#8221;85b37f87-c903-47ce-a0e0-9c3c6be91e5e&#8221; text_text_color=&#8221;RGBA(255,255,255,0.72)&#8221; custom_margin=&#8221;||60px||false|false&#8221; custom_margin_tablet=&#8221;||30px||false|false&#8221; custom_margin_phone=&#8221;&#8221; custom_margin_last_edited=&#8221;on|tablet&#8221; global_colors_info=&#8221;{}&#8221;]<\/p>\n<p>Pirnankatu 4, 78200 Varkaus (Varkauden Lukkohuolto)<\/p>\n<p>[\/et_pb_text][et_pb_text _builder_version=&#8221;4.23.1&#8243; _module_preset=&#8221;61b8851d-4ec3-410b-915d-531d01494ea3&#8243; global_colors_info=&#8221;{}&#8221;]<\/p>\n<h6>S\u00e4hk\u00f6posti<\/h6>\n<p>[\/et_pb_text][et_pb_text _builder_version=&#8221;4.23.1&#8243; _module_preset=&#8221;85b37f87-c903-47ce-a0e0-9c3c6be91e5e&#8221; text_text_color=&#8221;RGBA(255,255,255,0.72)&#8221; link_text_color=&#8221;#E02B20&#8243; custom_margin=&#8221;||60px||false|false&#8221; custom_margin_tablet=&#8221;||30px||false|false&#8221; custom_margin_phone=&#8221;&#8221; custom_margin_last_edited=&#8221;on|tablet&#8221; locked=&#8221;off&#8221; global_colors_info=&#8221;{}&#8221;]<\/p>\n<p><a href=\"mailto:info@mmsepat.fi\">info(at)mmsepat.fi<\/a><\/p>\n<p>[\/et_pb_text][\/et_pb_column][\/et_pb_row][\/et_pb_section]<\/p>\n","protected":false},"excerpt":{"rendered":"<p>M&amp;M Sep\u00e4tJa homma hoituuOlemme monipuolinen ja luotettava moniala yritys (mm.LVI-tekniikka, metalli-, rakennus ja lukitusalan), joka palvelee asiakkaitaan ymp\u00e4ri Suomea. Tarjoamme laadukkaita ja kustannustehokkaita ratkaisuja niin uudis- kuin saneerauskohteisiin, sek\u00e4 yksityisille ett\u00e4 julkisille tilaajille.Olemme erikoistuneet LVI-j\u00e4rjestelmien asennukseen, huoltoon ja korjaukseen, sek\u00e4 metallirakenteiden valmistukseen, ty\u00f6st\u00e4miseen ja asentamiseen. Meill\u00e4 on pitk\u00e4 kokemus ja vahva osaaminen alalta, sek\u00e4 k\u00e4yt\u00f6ss\u00e4mme [&hellip;]<\/p>\n","protected":false},"author":2,"featured_media":0,"parent":0,"menu_order":0,"comment_status":"closed","ping_status":"closed","template":"","meta":{"_et_pb_use_builder":"on","_et_pb_old_content":"","_et_gb_content_width":"","footnotes":""},"class_list":["post-62","page","type-page","status-publish","hentry"],"_links":{"self":[{"href":"https:\/\/mmsepat.fi\/index.php?rest_route=\/wp\/v2\/pages\/62","targetHints":{"allow":["GET"]}}],"collection":[{"href":"https:\/\/mmsepat.fi\/index.php?rest_route=\/wp\/v2\/pages"}],"about":[{"href":"https:\/\/mmsepat.fi\/index.php?rest_route=\/wp\/v2\/types\/page"}],"author":[{"embeddable":true,"href":"https:\/\/mmsepat.fi\/index.php?rest_route=\/wp\/v2\/users\/2"}],"replies":[{"embeddable":true,"href":"https:\/\/mmsepat.fi\/index.php?rest_route=%2Fwp%2Fv2%2Fcomments&post=62"}],"version-history":[{"count":33,"href":"https:\/\/mmsepat.fi\/index.php?rest_route=\/wp\/v2\/pages\/62\/revisions"}],"predecessor-version":[{"id":303,"href":"https:\/\/mmsepat.fi\/index.php?rest_route=\/wp\/v2\/pages\/62\/revisions\/303"}],"wp:attachment":[{"href":"https:\/\/mmsepat.fi\/index.php?rest_route=%2Fwp%2Fv2%2Fmedia&parent=62"}],"curies":[{"name":"wp","href":"https:\/\/api.w.org\/{rel}","templated":true}]}}